{"id":671,"date":"2018-03-02T08:12:45","date_gmt":"2018-03-02T06:12:45","guid":{"rendered":"https:\/\/baserinteriors.com\/qui-som\/"},"modified":"2025-09-06T11:47:40","modified_gmt":"2025-09-06T09:47:40","slug":"quienes-somos","status":"publish","type":"page","link":"https:\/\/baserinteriors.com\/es\/quienes-somos\/","title":{"rendered":"Qui\u00e9nes somos"},"content":{"rendered":"<div class=\"wpb-content-wrapper\"><p>[vc_row css_animation=\u00bb\u00bb row_type=\u00bbrow\u00bb use_row_as_full_screen_section=\u00bbno\u00bb type=\u00bbgrid\u00bb angled_section=\u00bbno\u00bb text_align=\u00bbleft\u00bb background_image_as_pattern=\u00bbwithout_pattern\u00bb z_index=\u00bb\u00bb][vc_column css=\u00bb.vc_custom_1740740724761{margin-top: 4px !important;margin-right: 4px !important;margin-bottom: 4px !important;margin-left: 4px !important;}\u00bb][vc_row_inner row_type=\u00bbrow\u00bb type=\u00bbfull_width\u00bb text_align=\u00bbleft\u00bb css_animation=\u00bb\u00bb][vc_column_inner offset=\u00bbvc_col-md-12&#8243;][vc_column_text css=\u00bb\u00bb]<\/p>\n<h2><span id=\"gmail-docs-internal-guid-2a0926ac-7fff-c203-2349-8a30a7d888d3\">Qui\u00e9nes somos<\/span><\/h2>\n<p>[\/vc_column_text][\/vc_column_inner][\/vc_row_inner][\/vc_column][\/vc_row][vc_row css_animation=\u00bb\u00bb row_type=\u00bbrow\u00bb use_row_as_full_screen_section=\u00bbno\u00bb type=\u00bbgrid\u00bb angled_section=\u00bbno\u00bb text_align=\u00bbleft\u00bb background_image_as_pattern=\u00bbwithout_pattern\u00bb z_index=\u00bb\u00bb][vc_column width=\u00bb1\/2&#8243;][vc_column_text css=\u00bb\u00bb]Somos una empresa familiar del sector de la construcci\u00f3n, de dos generaciones, con m\u00e1s de 30 a\u00f1os de experiencia, especializada en construcci\u00f3n, reformas integrales y proyectos de interiores.[\/vc_column_text][vc_empty_space height=\u00bb22px\u00bb][\/vc_column][vc_column width=\u00bb1\/2&#8243;][vc_single_image image=\u00bb335&#8243; img_size=\u00bblarge\u00bb style=\u00bbvc_box_rounded\u00bb css=\u00bb\u00bb qode_css_animation=\u00bb\u00bb][\/vc_column][\/vc_row]<\/p>\n<\/div>","protected":false},"excerpt":{"rendered":"<p>[vc_row css_animation=\u00bb\u00bb row_type=\u00bbrow\u00bb use_row_as_full_screen_section=\u00bbno\u00bb type=\u00bbgrid\u00bb angled_section=\u00bbno\u00bb text_align=\u00bbleft\u00bb background_image_as_pattern=\u00bbwithout_pattern\u00bb z_index=\u00bb\u00bb][vc_column css=\u00bb.vc_custom_1740740724761{margin-top: 4px !important;margin-right: 4px !important;margin-bottom: 4px !important;margin-left: 4px !important;}\u00bb][vc_row_inner row_type=\u00bbrow\u00bb type=\u00bbfull_width\u00bb text_align=\u00bbleft\u00bb css_animation=\u00bb\u00bb][vc_column_inner offset=\u00bbvc_col-md-12&#8243;][vc_column_text css=\u00bb\u00bb] Qui\u00e9nes somos [\/vc_column_text][\/vc_column_inner][\/vc_row_inner][\/vc_column][\/vc_row][vc_row css_animation=\u00bb\u00bb row_type=\u00bbrow\u00bb use_row_as_full_screen_section=\u00bbno\u00bb type=\u00bbgrid\u00bb angled_section=\u00bbno\u00bb text_align=\u00bbleft\u00bb background_image_as_pattern=\u00bbwithout_pattern\u00bb z_index=\u00bb\u00bb][vc_column width=\u00bb1\/2&#8243;][vc_column_text css=\u00bb\u00bb]Somos una empresa familiar del sector de la construcci\u00f3n,&#8230;<\/p>\n","protected":false},"author":2,"featured_media":0,"parent":0,"menu_order":0,"comment_status":"closed","ping_status":"closed","template":"full_width.php","meta":{"_themeisle_gutenberg_block_has_review":false,"footnotes":""},"class_list":["post-671","page","type-page","status-publish","hentry"],"yoast_head":"<!-- This site is optimized with the Yoast SEO plugin v24.5 - https:\/\/yoast.com\/wordpress\/plugins\/seo\/ -->\n<title>Qui\u00e9nes somos - Baser Obres &amp; Interiors<\/title>\n<meta name=\"description\" content=\"Somos una empresa del sector de la construcci\u00f3n en Tarragona y Cambrils. Especializados en obra nueva, reformas integrales, instalaciones y mantenimientos, ofrecemos un servicio personalizado y de confianza\" \/>\n<meta name=\"robots\" content=\"index, follow, max-snippet:-1, max-image-preview:large, max-video-preview:-1\" \/>\n<link rel=\"canonical\" href=\"https:\/\/baserinteriors.com\/es\/quienes-somos\/\" \/>\n<meta property=\"og:locale\" content=\"es_ES\" \/>\n<meta property=\"og:type\" content=\"article\" \/>\n<meta property=\"og:title\" content=\"Qui\u00e9nes somos - Baser Obres &amp; Interiors\" \/>\n<meta property=\"og:description\" content=\"Somos una empresa del sector de la construcci\u00f3n en Tarragona y Cambrils. Especializados en obra nueva, reformas integrales, instalaciones y mantenimientos, ofrecemos un servicio personalizado y de confianza\" \/>\n<meta property=\"og:url\" content=\"https:\/\/baserinteriors.com\/es\/quienes-somos\/\" \/>\n<meta property=\"og:site_name\" content=\"Baser Obres &amp; Interiors\" \/>\n<meta property=\"article:modified_time\" content=\"2025-09-06T09:47:40+00:00\" \/>\n<meta name=\"twitter:card\" content=\"summary_large_image\" \/>\n<meta name=\"twitter:label1\" content=\"Tiempo de lectura\" \/>\n\t<meta name=\"twitter:data1\" content=\"1 minuto\" \/>\n<script type=\"application\/ld+json\" class=\"yoast-schema-graph\">{\"@context\":\"https:\/\/schema.org\",\"@graph\":[{\"@type\":\"WebPage\",\"@id\":\"https:\/\/baserinteriors.com\/es\/quienes-somos\/\",\"url\":\"https:\/\/baserinteriors.com\/es\/quienes-somos\/\",\"name\":\"Qui\u00e9nes somos - Baser Obres &amp; Interiors\",\"isPartOf\":{\"@id\":\"http:\/\/baserinteriors.com\/#website\"},\"datePublished\":\"2018-03-02T06:12:45+00:00\",\"dateModified\":\"2025-09-06T09:47:40+00:00\",\"description\":\"Somos una empresa del sector de la construcci\u00f3n en Tarragona y Cambrils. Especializados en obra nueva, reformas integrales, instalaciones y mantenimientos, ofrecemos un servicio personalizado y de confianza\",\"breadcrumb\":{\"@id\":\"https:\/\/baserinteriors.com\/es\/quienes-somos\/#breadcrumb\"},\"inLanguage\":\"es\",\"potentialAction\":[{\"@type\":\"ReadAction\",\"target\":[\"https:\/\/baserinteriors.com\/es\/quienes-somos\/\"]}]},{\"@type\":\"BreadcrumbList\",\"@id\":\"https:\/\/baserinteriors.com\/es\/quienes-somos\/#breadcrumb\",\"itemListElement\":[{\"@type\":\"ListItem\",\"position\":1,\"name\":\"Inici\",\"item\":\"https:\/\/baserinteriors.com\/es\/\"},{\"@type\":\"ListItem\",\"position\":2,\"name\":\"Qui\u00e9nes somos\"}]},{\"@type\":\"WebSite\",\"@id\":\"http:\/\/baserinteriors.com\/#website\",\"url\":\"http:\/\/baserinteriors.com\/\",\"name\":\"Baser Obres &amp; Interiors\",\"description\":\"Baser Obres &amp; Interiors\",\"potentialAction\":[{\"@type\":\"SearchAction\",\"target\":{\"@type\":\"EntryPoint\",\"urlTemplate\":\"http:\/\/baserinteriors.com\/?s={search_term_string}\"},\"query-input\":{\"@type\":\"PropertyValueSpecification\",\"valueRequired\":true,\"valueName\":\"search_term_string\"}}],\"inLanguage\":\"es\"}]}<\/script>\n<!-- \/ Yoast SEO plugin. -->","yoast_head_json":{"title":"Qui\u00e9nes somos - Baser Obres &amp; Interiors","description":"Somos una empresa del sector de la construcci\u00f3n en Tarragona y Cambrils. Especializados en obra nueva, reformas integrales, instalaciones y mantenimientos, ofrecemos un servicio personalizado y de confianza","robots":{"index":"index","follow":"follow","max-snippet":"max-snippet:-1","max-image-preview":"max-image-preview:large","max-video-preview":"max-video-preview:-1"},"canonical":"https:\/\/baserinteriors.com\/es\/quienes-somos\/","og_locale":"es_ES","og_type":"article","og_title":"Qui\u00e9nes somos - Baser Obres &amp; Interiors","og_description":"Somos una empresa del sector de la construcci\u00f3n en Tarragona y Cambrils. Especializados en obra nueva, reformas integrales, instalaciones y mantenimientos, ofrecemos un servicio personalizado y de confianza","og_url":"https:\/\/baserinteriors.com\/es\/quienes-somos\/","og_site_name":"Baser Obres &amp; Interiors","article_modified_time":"2025-09-06T09:47:40+00:00","twitter_card":"summary_large_image","twitter_misc":{"Tiempo de lectura":"1 minuto"},"schema":{"@context":"https:\/\/schema.org","@graph":[{"@type":"WebPage","@id":"https:\/\/baserinteriors.com\/es\/quienes-somos\/","url":"https:\/\/baserinteriors.com\/es\/quienes-somos\/","name":"Qui\u00e9nes somos - Baser Obres &amp; Interiors","isPartOf":{"@id":"http:\/\/baserinteriors.com\/#website"},"datePublished":"2018-03-02T06:12:45+00:00","dateModified":"2025-09-06T09:47:40+00:00","description":"Somos una empresa del sector de la construcci\u00f3n en Tarragona y Cambrils. Especializados en obra nueva, reformas integrales, instalaciones y mantenimientos, ofrecemos un servicio personalizado y de confianza","breadcrumb":{"@id":"https:\/\/baserinteriors.com\/es\/quienes-somos\/#breadcrumb"},"inLanguage":"es","potentialAction":[{"@type":"ReadAction","target":["https:\/\/baserinteriors.com\/es\/quienes-somos\/"]}]},{"@type":"BreadcrumbList","@id":"https:\/\/baserinteriors.com\/es\/quienes-somos\/#breadcrumb","itemListElement":[{"@type":"ListItem","position":1,"name":"Inici","item":"https:\/\/baserinteriors.com\/es\/"},{"@type":"ListItem","position":2,"name":"Qui\u00e9nes somos"}]},{"@type":"WebSite","@id":"http:\/\/baserinteriors.com\/#website","url":"http:\/\/baserinteriors.com\/","name":"Baser Obres &amp; Interiors","description":"Baser Obres &amp; Interiors","potentialAction":[{"@type":"SearchAction","target":{"@type":"EntryPoint","urlTemplate":"http:\/\/baserinteriors.com\/?s={search_term_string}"},"query-input":{"@type":"PropertyValueSpecification","valueRequired":true,"valueName":"search_term_string"}}],"inLanguage":"es"}]}},"_links":{"self":[{"href":"https:\/\/baserinteriors.com\/es\/wp-json\/wp\/v2\/pages\/671","targetHints":{"allow":["GET"]}}],"collection":[{"href":"https:\/\/baserinteriors.com\/es\/wp-json\/wp\/v2\/pages"}],"about":[{"href":"https:\/\/baserinteriors.com\/es\/wp-json\/wp\/v2\/types\/page"}],"author":[{"embeddable":true,"href":"https:\/\/baserinteriors.com\/es\/wp-json\/wp\/v2\/users\/2"}],"replies":[{"embeddable":true,"href":"https:\/\/baserinteriors.com\/es\/wp-json\/wp\/v2\/comments?post=671"}],"version-history":[{"count":5,"href":"https:\/\/baserinteriors.com\/es\/wp-json\/wp\/v2\/pages\/671\/revisions"}],"predecessor-version":[{"id":719,"href":"https:\/\/baserinteriors.com\/es\/wp-json\/wp\/v2\/pages\/671\/revisions\/719"}],"wp:attachment":[{"href":"https:\/\/baserinteriors.com\/es\/wp-json\/wp\/v2\/media?parent=671"}],"curies":[{"name":"wp","href":"https:\/\/api.w.org\/{rel}","templated":true}]}}