{"id":629,"date":"2025-04-07T16:36:31","date_gmt":"2025-04-07T14:36:31","guid":{"rendered":"https:\/\/baserinteriors.com\/?page_id=629"},"modified":"2025-04-07T16:36:31","modified_gmt":"2025-04-07T14:36:31","slug":"politica-de-privacidad","status":"publish","type":"page","link":"https:\/\/baserinteriors.com\/es\/politica-de-privacidad\/","title":{"rendered":"Pol\u00edtica de privacidad"},"content":{"rendered":"<div class=\"wpb-content-wrapper\"><p>[vc_row css_animation=\u00bb\u00bb row_type=\u00bbrow\u00bb use_row_as_full_screen_section=\u00bbno\u00bb type=\u00bbgrid\u00bb angled_section=\u00bbno\u00bb text_align=\u00bbleft\u00bb background_image_as_pattern=\u00bbwithout_pattern\u00bb z_index=\u00bb\u00bb][vc_column][vc_row_inner row_type=\u00bbrow\u00bb type=\u00bbfull_width\u00bb text_align=\u00bbleft\u00bb css_animation=\u00bb\u00bb][vc_column_inner offset=\u00bbvc_col-md-12&#8243;][vc_column_text css=\u00bb\u00bb]<\/p>\n<h2><span id=\"gmail-docs-internal-guid-2a0926ac-7fff-c203-2349-8a30a7d888d3\">Pol\u00edtica de privacidad<\/span><\/h2>\n<p>[\/vc_column_text][vc_empty_space height=\u00bb22px\u00bb][vc_column_text css=\u00bb\u00bb]<\/p>\n<p class=\"\" data-start=\"81\" data-end=\"193\"><strong data-start=\"81\" data-end=\"107\">Pol\u00edtica de Privacidad<\/strong><br data-start=\"107\" data-end=\"110\" \/><strong data-start=\"110\" data-end=\"149\">\u00daltima actualizaci\u00f3n el 07-Abr-2025<\/strong><br data-start=\"149\" data-end=\"152\" \/><strong data-start=\"152\" data-end=\"193\">Fecha de entrada en vigor 07-Abr-2025<\/strong><\/p>\n<p class=\"\" data-start=\"195\" data-end=\"793\">Esta Pol\u00edtica de Privacidad describe las pol\u00edticas de Baser interiors, Carrer de la Metal\u00b7l\u00fargia, 32, BAJO(NAVE 7, 43850 Cambrils, Tarragona, Tarragona 43850, Espa\u00f1a, correo electr\u00f3nico: <a class=\"cursor-pointer\" rel=\"noopener\" data-start=\"382\" data-end=\"405\">info@baserinteriors.com<\/a>, tel\u00e9fono: 0034977793154 sobre la recopilaci\u00f3n, uso y divulgaci\u00f3n de tu informaci\u00f3n que recopilamos cuando usas nuestro sitio web (<a class=\"\" href=\"https:\/\/baserinteriors.com\" target=\"_new\" rel=\"noopener\" data-start=\"537\" data-end=\"563\">https:\/\/baserinteriors.com<\/a>) (el \u201cServicio\u201d). Al acceder o utilizar el Servicio, consientes la recopilaci\u00f3n, uso y divulgaci\u00f3n de tu informaci\u00f3n de acuerdo con esta Pol\u00edtica de Privacidad. Si no consientes lo mismo, por favor no accedas ni uses el Servicio.<\/p>\n<p class=\"\" data-start=\"795\" data-end=\"1224\">Podemos modificar esta Pol\u00edtica de Privacidad en cualquier momento sin previo aviso y publicaremos la Pol\u00edtica de Privacidad revisada en el Servicio. La Pol\u00edtica revisada ser\u00e1 efectiva 180 d\u00edas despu\u00e9s de su publicaci\u00f3n en el Servicio y tu acceso o uso continuado del Servicio despu\u00e9s de ese tiempo constituir\u00e1 tu aceptaci\u00f3n de la Pol\u00edtica de Privacidad revisada. Por lo tanto, te recomendamos revisar peri\u00f3dicamente esta p\u00e1gina.<\/p>\n<p class=\"\" data-start=\"1226\" data-end=\"1333\"><strong data-start=\"1226\" data-end=\"1257\">C\u00f3mo usamos tu informaci\u00f3n:<\/strong> Usaremos la informaci\u00f3n que recopilamos sobre ti para los siguientes fines:<\/p>\n<p class=\"\" data-start=\"1335\" data-end=\"1672\"><strong data-start=\"1335\" data-end=\"1362\">Marketing \/ Promocional<\/strong><br data-start=\"1362\" data-end=\"1365\" \/>Si deseamos usar tu informaci\u00f3n para alg\u00fan otro prop\u00f3sito, te pediremos tu consentimiento y usaremos tu informaci\u00f3n solo despu\u00e9s de recibir tu consentimiento y, luego, solo para el\/los prop\u00f3sito(s) para los cuales se otorgue el consentimiento, a menos que estemos obligados a hacerlo de otra manera por ley.<\/p>\n<p class=\"\" data-start=\"1674\" data-end=\"2336\"><strong data-start=\"1674\" data-end=\"1691\">Tus derechos:<\/strong> Dependiendo de la ley que se aplique, puedes tener derecho a acceder, rectificar o borrar tus datos personales, recibir una copia de tus datos personales, restringir u oponerte al procesamiento activo de tus datos, pedirnos que compartamos (portemos) tu informaci\u00f3n personal a otra entidad, retirar cualquier consentimiento que nos hayas proporcionado para procesar tus datos, derecho a presentar una queja ante una autoridad competente y otros derechos que puedan ser relevantes seg\u00fan las leyes aplicables. Para ejercer estos derechos, puedes escribirnos a <a class=\"cursor-pointer\" rel=\"noopener\" data-start=\"2250\" data-end=\"2273\">info@baserinteriors.com<\/a>. Responderemos a tu solicitud de acuerdo con la ley aplicable.<\/p>\n<p class=\"\" data-start=\"2338\" data-end=\"2598\">Ten en cuenta que si no nos permites recopilar o procesar la informaci\u00f3n personal requerida o retiras el consentimiento para procesarla para los fines requeridos, es posible que no puedas acceder ni usar los servicios para los cuales se buscaba tu informaci\u00f3n.<\/p>\n<p class=\"\" data-start=\"2600\" data-end=\"2773\"><strong data-start=\"2600\" data-end=\"2616\">Cookies Etc.<\/strong><br data-start=\"2616\" data-end=\"2619\" \/>Para obtener m\u00e1s informaci\u00f3n sobre c\u00f3mo usamos estas y tus opciones con respecto a estas tecnolog\u00edas de seguimiento, consulta nuestra Pol\u00edtica de Cookies.<\/p>\n<p class=\"\" data-start=\"2775\" data-end=\"3244\"><strong data-start=\"2775\" data-end=\"2789\">Seguridad:<\/strong> La seguridad de tu informaci\u00f3n es importante para nosotros y utilizaremos medidas de seguridad razonables para prevenir la p\u00e9rdida, el uso indebido o la alteraci\u00f3n no autorizada de tu informaci\u00f3n bajo nuestro control. Sin embargo, debido a los riesgos inherentes, no podemos garantizar una seguridad absoluta y, en consecuencia, no podemos asegurar ni garantizar la seguridad de cualquier informaci\u00f3n que nos transmitas, y lo haces bajo tu propio riesgo.<\/p>\n<p class=\"\" data-start=\"3246\" data-end=\"3656\"><strong data-start=\"3246\" data-end=\"3294\">Responsable de Quejas \/ Protecci\u00f3n de Datos:<\/strong> Si tienes alguna consulta o preocupaci\u00f3n sobre el procesamiento de tu informaci\u00f3n que tenemos, puedes enviar un correo electr\u00f3nico a nuestro Responsable de Quejas a Baser interiors, Carrer de la Metal\u00b7l\u00fargia, 32, BAJO(NAVE 7, 43850 Cambrils, Tarragona, correo electr\u00f3nico: <a class=\"cursor-pointer\" rel=\"noopener\" data-start=\"3568\" data-end=\"3591\">info@baserinteriors.com<\/a>. Abordaremos tus preocupaciones de acuerdo con la ley aplicable.<\/p>\n<p class=\"\" data-start=\"3658\" data-end=\"3708\"><strong data-start=\"3658\" data-end=\"3708\">Pol\u00edtica de privacidad generada con CookieYes.<\/strong><\/p>\n<p>[\/vc_column_text][\/vc_column_inner][\/vc_row_inner][\/vc_column][\/vc_row][vc_row css_animation=\u00bb\u00bb row_type=\u00bbrow\u00bb use_row_as_full_screen_section=\u00bbno\u00bb type=\u00bbfull_width\u00bb angled_section=\u00bbno\u00bb text_align=\u00bbleft\u00bb background_image_as_pattern=\u00bbwithout_pattern\u00bb][vc_column][\/vc_column][\/vc_row]<\/p>\n<\/div>","protected":false},"excerpt":{"rendered":"<p>[vc_row css_animation=\u00bb\u00bb row_type=\u00bbrow\u00bb use_row_as_full_screen_section=\u00bbno\u00bb type=\u00bbgrid\u00bb angled_section=\u00bbno\u00bb text_align=\u00bbleft\u00bb background_image_as_pattern=\u00bbwithout_pattern\u00bb z_index=\u00bb\u00bb][vc_column][vc_row_inner row_type=\u00bbrow\u00bb type=\u00bbfull_width\u00bb text_align=\u00bbleft\u00bb css_animation=\u00bb\u00bb][vc_column_inner offset=\u00bbvc_col-md-12&#8243;][vc_column_text css=\u00bb\u00bb] Pol\u00edtica de privacidad [\/vc_column_text][vc_empty_space height=\u00bb22px\u00bb][vc_column_text css=\u00bb\u00bb] Pol\u00edtica de Privacidad\u00daltima actualizaci\u00f3n el 07-Abr-2025Fecha de entrada en vigor 07-Abr-2025 Esta Pol\u00edtica de Privacidad describe las pol\u00edticas de Baser interiors, Carrer de la&#8230;<\/p>\n","protected":false},"author":3,"featured_media":0,"parent":0,"menu_order":0,"comment_status":"closed","ping_status":"closed","template":"full_width.php","meta":{"_themeisle_gutenberg_block_has_review":false,"footnotes":""},"class_list":["post-629","page","type-page","status-publish","hentry"],"yoast_head":"<!-- This site is optimized with the Yoast SEO plugin v24.5 - https:\/\/yoast.com\/wordpress\/plugins\/seo\/ -->\n<title>Pol\u00edtica de privacidad - Baser Obres &amp; Interiors<\/title>\n<meta name=\"description\" content=\"Oferim serveis de reformes integrals, construcci\u00f3 i disseny d\u2019interiors a Tarragona i Cambrils. Projectes personalitzats amb qualitat i m\u00e9s de 30 anys d\u2019experi\u00e8ncia. La nostra traject\u00f2ria es basa en la qualitat, el comprom\u00eds i l&#039;atenci\u00f3 al detall.\" \/>\n<meta name=\"robots\" content=\"index, follow, max-snippet:-1, max-image-preview:large, max-video-preview:-1\" \/>\n<link rel=\"canonical\" href=\"https:\/\/baserinteriors.com\/es\/politica-de-privacidad\/\" \/>\n<meta property=\"og:locale\" content=\"es_ES\" \/>\n<meta property=\"og:type\" content=\"article\" \/>\n<meta property=\"og:title\" content=\"Pol\u00edtica de privacidad - Baser Obres &amp; Interiors\" \/>\n<meta property=\"og:description\" content=\"Oferim serveis de reformes integrals, construcci\u00f3 i disseny d\u2019interiors a Tarragona i Cambrils. Projectes personalitzats amb qualitat i m\u00e9s de 30 anys d\u2019experi\u00e8ncia. La nostra traject\u00f2ria es basa en la qualitat, el comprom\u00eds i l&#039;atenci\u00f3 al detall.\" \/>\n<meta property=\"og:url\" content=\"https:\/\/baserinteriors.com\/es\/politica-de-privacidad\/\" \/>\n<meta property=\"og:site_name\" content=\"Baser Obres &amp; Interiors\" \/>\n<meta name=\"twitter:card\" content=\"summary_large_image\" \/>\n<meta name=\"twitter:label1\" content=\"Tiempo de lectura\" \/>\n\t<meta name=\"twitter:data1\" content=\"4 minutos\" \/>\n<script type=\"application\/ld+json\" class=\"yoast-schema-graph\">{\"@context\":\"https:\/\/schema.org\",\"@graph\":[{\"@type\":\"WebPage\",\"@id\":\"https:\/\/baserinteriors.com\/es\/politica-de-privacidad\/\",\"url\":\"https:\/\/baserinteriors.com\/es\/politica-de-privacidad\/\",\"name\":\"Pol\u00edtica de privacidad - Baser Obres &amp; Interiors\",\"isPartOf\":{\"@id\":\"http:\/\/baserinteriors.com\/#website\"},\"datePublished\":\"2025-04-07T14:36:31+00:00\",\"description\":\"Oferim serveis de reformes integrals, construcci\u00f3 i disseny d\u2019interiors a Tarragona i Cambrils. Projectes personalitzats amb qualitat i m\u00e9s de 30 anys d\u2019experi\u00e8ncia. La nostra traject\u00f2ria es basa en la qualitat, el comprom\u00eds i l'atenci\u00f3 al detall.\",\"breadcrumb\":{\"@id\":\"https:\/\/baserinteriors.com\/es\/politica-de-privacidad\/#breadcrumb\"},\"inLanguage\":\"es\",\"potentialAction\":[{\"@type\":\"ReadAction\",\"target\":[\"https:\/\/baserinteriors.com\/es\/politica-de-privacidad\/\"]}]},{\"@type\":\"BreadcrumbList\",\"@id\":\"https:\/\/baserinteriors.com\/es\/politica-de-privacidad\/#breadcrumb\",\"itemListElement\":[{\"@type\":\"ListItem\",\"position\":1,\"name\":\"Inici\",\"item\":\"https:\/\/baserinteriors.com\/es\/\"},{\"@type\":\"ListItem\",\"position\":2,\"name\":\"Pol\u00edtica de privacidad\"}]},{\"@type\":\"WebSite\",\"@id\":\"http:\/\/baserinteriors.com\/#website\",\"url\":\"http:\/\/baserinteriors.com\/\",\"name\":\"Baser Obres &amp; Interiors\",\"description\":\"Baser Obres &amp; Interiors\",\"potentialAction\":[{\"@type\":\"SearchAction\",\"target\":{\"@type\":\"EntryPoint\",\"urlTemplate\":\"http:\/\/baserinteriors.com\/?s={search_term_string}\"},\"query-input\":{\"@type\":\"PropertyValueSpecification\",\"valueRequired\":true,\"valueName\":\"search_term_string\"}}],\"inLanguage\":\"es\"}]}<\/script>\n<!-- \/ Yoast SEO plugin. -->","yoast_head_json":{"title":"Pol\u00edtica de privacidad - Baser Obres &amp; Interiors","description":"Oferim serveis de reformes integrals, construcci\u00f3 i disseny d\u2019interiors a Tarragona i Cambrils. Projectes personalitzats amb qualitat i m\u00e9s de 30 anys d\u2019experi\u00e8ncia. La nostra traject\u00f2ria es basa en la qualitat, el comprom\u00eds i l'atenci\u00f3 al detall.","robots":{"index":"index","follow":"follow","max-snippet":"max-snippet:-1","max-image-preview":"max-image-preview:large","max-video-preview":"max-video-preview:-1"},"canonical":"https:\/\/baserinteriors.com\/es\/politica-de-privacidad\/","og_locale":"es_ES","og_type":"article","og_title":"Pol\u00edtica de privacidad - Baser Obres &amp; Interiors","og_description":"Oferim serveis de reformes integrals, construcci\u00f3 i disseny d\u2019interiors a Tarragona i Cambrils. Projectes personalitzats amb qualitat i m\u00e9s de 30 anys d\u2019experi\u00e8ncia. La nostra traject\u00f2ria es basa en la qualitat, el comprom\u00eds i l'atenci\u00f3 al detall.","og_url":"https:\/\/baserinteriors.com\/es\/politica-de-privacidad\/","og_site_name":"Baser Obres &amp; Interiors","twitter_card":"summary_large_image","twitter_misc":{"Tiempo de lectura":"4 minutos"},"schema":{"@context":"https:\/\/schema.org","@graph":[{"@type":"WebPage","@id":"https:\/\/baserinteriors.com\/es\/politica-de-privacidad\/","url":"https:\/\/baserinteriors.com\/es\/politica-de-privacidad\/","name":"Pol\u00edtica de privacidad - Baser Obres &amp; Interiors","isPartOf":{"@id":"http:\/\/baserinteriors.com\/#website"},"datePublished":"2025-04-07T14:36:31+00:00","description":"Oferim serveis de reformes integrals, construcci\u00f3 i disseny d\u2019interiors a Tarragona i Cambrils. Projectes personalitzats amb qualitat i m\u00e9s de 30 anys d\u2019experi\u00e8ncia. La nostra traject\u00f2ria es basa en la qualitat, el comprom\u00eds i l'atenci\u00f3 al detall.","breadcrumb":{"@id":"https:\/\/baserinteriors.com\/es\/politica-de-privacidad\/#breadcrumb"},"inLanguage":"es","potentialAction":[{"@type":"ReadAction","target":["https:\/\/baserinteriors.com\/es\/politica-de-privacidad\/"]}]},{"@type":"BreadcrumbList","@id":"https:\/\/baserinteriors.com\/es\/politica-de-privacidad\/#breadcrumb","itemListElement":[{"@type":"ListItem","position":1,"name":"Inici","item":"https:\/\/baserinteriors.com\/es\/"},{"@type":"ListItem","position":2,"name":"Pol\u00edtica de privacidad"}]},{"@type":"WebSite","@id":"http:\/\/baserinteriors.com\/#website","url":"http:\/\/baserinteriors.com\/","name":"Baser Obres &amp; Interiors","description":"Baser Obres &amp; Interiors","potentialAction":[{"@type":"SearchAction","target":{"@type":"EntryPoint","urlTemplate":"http:\/\/baserinteriors.com\/?s={search_term_string}"},"query-input":{"@type":"PropertyValueSpecification","valueRequired":true,"valueName":"search_term_string"}}],"inLanguage":"es"}]}},"_links":{"self":[{"href":"https:\/\/baserinteriors.com\/es\/wp-json\/wp\/v2\/pages\/629","targetHints":{"allow":["GET"]}}],"collection":[{"href":"https:\/\/baserinteriors.com\/es\/wp-json\/wp\/v2\/pages"}],"about":[{"href":"https:\/\/baserinteriors.com\/es\/wp-json\/wp\/v2\/types\/page"}],"author":[{"embeddable":true,"href":"https:\/\/baserinteriors.com\/es\/wp-json\/wp\/v2\/users\/3"}],"replies":[{"embeddable":true,"href":"https:\/\/baserinteriors.com\/es\/wp-json\/wp\/v2\/comments?post=629"}],"version-history":[{"count":1,"href":"https:\/\/baserinteriors.com\/es\/wp-json\/wp\/v2\/pages\/629\/revisions"}],"predecessor-version":[{"id":630,"href":"https:\/\/baserinteriors.com\/es\/wp-json\/wp\/v2\/pages\/629\/revisions\/630"}],"wp:attachment":[{"href":"https:\/\/baserinteriors.com\/es\/wp-json\/wp\/v2\/media?parent=629"}],"curies":[{"name":"wp","href":"https:\/\/api.w.org\/{rel}","templated":true}]}}