{"id":627,"date":"2025-04-07T16:20:59","date_gmt":"2025-04-07T14:20:59","guid":{"rendered":"https:\/\/baserinteriors.com\/politicadecookies\/"},"modified":"2025-04-07T16:22:36","modified_gmt":"2025-04-07T14:22:36","slug":"politicadecookies","status":"publish","type":"page","link":"https:\/\/baserinteriors.com\/es\/politicadecookies\/","title":{"rendered":"Pol\u00edtica de cookies"},"content":{"rendered":"<div class=\"wpb-content-wrapper\"><p>[vc_row css_animation=\u00bb\u00bb row_type=\u00bbrow\u00bb use_row_as_full_screen_section=\u00bbno\u00bb type=\u00bbgrid\u00bb angled_section=\u00bbno\u00bb text_align=\u00bbleft\u00bb background_image_as_pattern=\u00bbwithout_pattern\u00bb z_index=\u00bb\u00bb][vc_column][vc_row_inner row_type=\u00bbrow\u00bb type=\u00bbfull_width\u00bb text_align=\u00bbleft\u00bb css_animation=\u00bb\u00bb][vc_column_inner offset=\u00bbvc_col-md-12&#8243;][vc_column_text css=\u00bb\u00bb]<\/p>\n<h2><span id=\"gmail-docs-internal-guid-2a0926ac-7fff-c203-2349-8a30a7d888d3\">Pol\u00edtica de cookies<\/span><\/h2>\n<p>[\/vc_column_text][vc_empty_space height=\u00bb22px\u00bb][vc_column_text css=\u00bb\u00bb]<\/p>\n<h5>Tipos de cookies que usamos<\/h5>\n<div class=\"cky-audit-table-element\"><\/div>\n<h5>Manage cookie preferences<\/h5>\n<p class=\"\" data-start=\"76\" data-end=\"111\"><a class=\"cky-banner-element\">Cookie Settings<\/a><\/p>\n<div>\n<p>Puedes cambiar tus preferencias de cookies en cualquier momento haciendo clic en el bot\u00f3n de arriba. Esto te permitir\u00e1 volver a visitar el banner de consentimiento de cookies y cambiar tus preferencias o retirar tu consentimiento de inmediato.<\/p>\n<p>Adem\u00e1s de esto, diferentes navegadores ofrecen diferentes m\u00e9todos para bloquear y eliminar las cookies utilizadas por los sitios web. Puedes cambiar la configuraci\u00f3n de tu navegador para bloquear\/eliminar las cookies. A continuaci\u00f3n se encuentran los enlaces a los documentos de soporte sobre c\u00f3mo gestionar y eliminar cookies en los navegadores m\u00e1s populares.<\/p>\n<p>Chrome:\u00a0<a href=\"https:\/\/support.google.com\/accounts\/answer\/32050\" target=\"_blank\" rel=\"noopener noreferrer\">https:\/\/support.google.com\/accounts\/answer\/32050<\/a><\/p>\n<p>Safari:\u00a0<a href=\"https:\/\/support.apple.com\/en-in\/guide\/safari\/sfri11471\/mac\" target=\"_blank\" rel=\"noopener noreferrer\">https:\/\/support.apple.com\/en-in\/guide\/safari\/sfri11471\/mac<\/a><\/p>\n<p>Firefox:\u00a0<a href=\"https:\/\/support.mozilla.org\/en-US\/kb\/clear-cookies-and-site-data-firefox?redirectslug=delete-cookies-remove-info-websites-stored&amp;redirectlocale=en-US\" target=\"_blank\" rel=\"noopener noreferrer\">https:\/\/support.mozilla.org\/en-US\/kb\/clear-cookies-and-site-data-firefox?redirectslug=delete-cookies-remove-info-websites-stored&amp;redirectlocale=en-US<\/a><\/p>\n<p>Internet Explorer:\u00a0<a href=\"https:\/\/support.microsoft.com\/en-us\/topic\/how-to-delete-cookie-files-in-internet-explorer-bca9446f-d873-78de-77ba-d42645fa52fc\" target=\"_blank\" rel=\"noopener noreferrer\">https:\/\/support.microsoft.com\/en-us\/topic\/how-to-delete-cookie-files-in-internet-explorer-bca9446f-d873-78de-77ba-d42645fa52fc<\/a><\/p>\n<p>Si est\u00e1s utilizando otro navegador web, por favor visita los documentos de soporte oficiales de tu navegador.<\/p>\n<\/div>\n<p class=\"cookie-policy-p\">Cookie Policy Generated By\u00a0<a href=\"https:\/\/www.cookieyes.com\/?utm_source=CP&amp;utm_medium=footer&amp;utm_campaign=UW\" target=\"_blank\" rel=\"noopener\">CookieYes &#8211; Cookie Policy Generator<\/a>.<\/p>\n<p>[\/vc_column_text][\/vc_column_inner][\/vc_row_inner][\/vc_column][\/vc_row][vc_row css_animation=\u00bb\u00bb row_type=\u00bbrow\u00bb use_row_as_full_screen_section=\u00bbno\u00bb type=\u00bbfull_width\u00bb angled_section=\u00bbno\u00bb text_align=\u00bbleft\u00bb background_image_as_pattern=\u00bbwithout_pattern\u00bb][vc_column][\/vc_column][\/vc_row]<\/p>\n<\/div>","protected":false},"excerpt":{"rendered":"<p>[vc_row css_animation=\u00bb\u00bb row_type=\u00bbrow\u00bb use_row_as_full_screen_section=\u00bbno\u00bb type=\u00bbgrid\u00bb angled_section=\u00bbno\u00bb text_align=\u00bbleft\u00bb background_image_as_pattern=\u00bbwithout_pattern\u00bb z_index=\u00bb\u00bb][vc_column][vc_row_inner row_type=\u00bbrow\u00bb type=\u00bbfull_width\u00bb text_align=\u00bbleft\u00bb css_animation=\u00bb\u00bb][vc_column_inner offset=\u00bbvc_col-md-12&#8243;][vc_column_text css=\u00bb\u00bb] Pol\u00edtica de cookies [\/vc_column_text][vc_empty_space height=\u00bb22px\u00bb][vc_column_text css=\u00bb\u00bb] Tipos de cookies que usamos Manage cookie preferences Cookie Settings Puedes cambiar tus preferencias de cookies en cualquier momento haciendo clic en el bot\u00f3n&#8230;<\/p>\n","protected":false},"author":3,"featured_media":0,"parent":0,"menu_order":0,"comment_status":"closed","ping_status":"closed","template":"full_width.php","meta":{"_themeisle_gutenberg_block_has_review":false,"footnotes":""},"class_list":["post-627","page","type-page","status-publish","hentry"],"yoast_head":"<!-- This site is optimized with the Yoast SEO plugin v24.5 - https:\/\/yoast.com\/wordpress\/plugins\/seo\/ -->\n<title>Pol\u00edtica de cookies - Baser Obres &amp; Interiors<\/title>\n<meta name=\"description\" content=\"Oferim serveis de reformes integrals, construcci\u00f3 i disseny d\u2019interiors a Tarragona i Cambrils. Projectes personalitzats amb qualitat i m\u00e9s de 30 anys d\u2019experi\u00e8ncia. La nostra traject\u00f2ria es basa en la qualitat, el comprom\u00eds i l&#039;atenci\u00f3 al detall.\" \/>\n<meta name=\"robots\" content=\"index, follow, max-snippet:-1, max-image-preview:large, max-video-preview:-1\" \/>\n<link rel=\"canonical\" href=\"https:\/\/baserinteriors.com\/es\/politicadecookies\/\" \/>\n<meta property=\"og:locale\" content=\"es_ES\" \/>\n<meta property=\"og:type\" content=\"article\" \/>\n<meta property=\"og:title\" content=\"Pol\u00edtica de cookies - Baser Obres &amp; Interiors\" \/>\n<meta property=\"og:description\" content=\"Oferim serveis de reformes integrals, construcci\u00f3 i disseny d\u2019interiors a Tarragona i Cambrils. Projectes personalitzats amb qualitat i m\u00e9s de 30 anys d\u2019experi\u00e8ncia. La nostra traject\u00f2ria es basa en la qualitat, el comprom\u00eds i l&#039;atenci\u00f3 al detall.\" \/>\n<meta property=\"og:url\" content=\"https:\/\/baserinteriors.com\/es\/politicadecookies\/\" \/>\n<meta property=\"og:site_name\" content=\"Baser Obres &amp; Interiors\" \/>\n<meta property=\"article:modified_time\" content=\"2025-04-07T14:22:36+00:00\" \/>\n<meta name=\"twitter:card\" content=\"summary_large_image\" \/>\n<meta name=\"twitter:label1\" content=\"Tiempo de lectura\" \/>\n\t<meta name=\"twitter:data1\" content=\"1 minuto\" \/>\n<script type=\"application\/ld+json\" class=\"yoast-schema-graph\">{\"@context\":\"https:\/\/schema.org\",\"@graph\":[{\"@type\":\"WebPage\",\"@id\":\"https:\/\/baserinteriors.com\/es\/politicadecookies\/\",\"url\":\"https:\/\/baserinteriors.com\/es\/politicadecookies\/\",\"name\":\"Pol\u00edtica de cookies - Baser Obres &amp; Interiors\",\"isPartOf\":{\"@id\":\"http:\/\/baserinteriors.com\/#website\"},\"datePublished\":\"2025-04-07T14:20:59+00:00\",\"dateModified\":\"2025-04-07T14:22:36+00:00\",\"description\":\"Oferim serveis de reformes integrals, construcci\u00f3 i disseny d\u2019interiors a Tarragona i Cambrils. Projectes personalitzats amb qualitat i m\u00e9s de 30 anys d\u2019experi\u00e8ncia. La nostra traject\u00f2ria es basa en la qualitat, el comprom\u00eds i l'atenci\u00f3 al detall.\",\"breadcrumb\":{\"@id\":\"https:\/\/baserinteriors.com\/es\/politicadecookies\/#breadcrumb\"},\"inLanguage\":\"es\",\"potentialAction\":[{\"@type\":\"ReadAction\",\"target\":[\"https:\/\/baserinteriors.com\/es\/politicadecookies\/\"]}]},{\"@type\":\"BreadcrumbList\",\"@id\":\"https:\/\/baserinteriors.com\/es\/politicadecookies\/#breadcrumb\",\"itemListElement\":[{\"@type\":\"ListItem\",\"position\":1,\"name\":\"Inici\",\"item\":\"https:\/\/baserinteriors.com\/es\/\"},{\"@type\":\"ListItem\",\"position\":2,\"name\":\"Pol\u00edtica de cookies\"}]},{\"@type\":\"WebSite\",\"@id\":\"http:\/\/baserinteriors.com\/#website\",\"url\":\"http:\/\/baserinteriors.com\/\",\"name\":\"Baser Obres &amp; Interiors\",\"description\":\"Baser Obres &amp; Interiors\",\"potentialAction\":[{\"@type\":\"SearchAction\",\"target\":{\"@type\":\"EntryPoint\",\"urlTemplate\":\"http:\/\/baserinteriors.com\/?s={search_term_string}\"},\"query-input\":{\"@type\":\"PropertyValueSpecification\",\"valueRequired\":true,\"valueName\":\"search_term_string\"}}],\"inLanguage\":\"es\"}]}<\/script>\n<!-- \/ Yoast SEO plugin. -->","yoast_head_json":{"title":"Pol\u00edtica de cookies - Baser Obres &amp; Interiors","description":"Oferim serveis de reformes integrals, construcci\u00f3 i disseny d\u2019interiors a Tarragona i Cambrils. Projectes personalitzats amb qualitat i m\u00e9s de 30 anys d\u2019experi\u00e8ncia. La nostra traject\u00f2ria es basa en la qualitat, el comprom\u00eds i l'atenci\u00f3 al detall.","robots":{"index":"index","follow":"follow","max-snippet":"max-snippet:-1","max-image-preview":"max-image-preview:large","max-video-preview":"max-video-preview:-1"},"canonical":"https:\/\/baserinteriors.com\/es\/politicadecookies\/","og_locale":"es_ES","og_type":"article","og_title":"Pol\u00edtica de cookies - Baser Obres &amp; Interiors","og_description":"Oferim serveis de reformes integrals, construcci\u00f3 i disseny d\u2019interiors a Tarragona i Cambrils. Projectes personalitzats amb qualitat i m\u00e9s de 30 anys d\u2019experi\u00e8ncia. La nostra traject\u00f2ria es basa en la qualitat, el comprom\u00eds i l'atenci\u00f3 al detall.","og_url":"https:\/\/baserinteriors.com\/es\/politicadecookies\/","og_site_name":"Baser Obres &amp; Interiors","article_modified_time":"2025-04-07T14:22:36+00:00","twitter_card":"summary_large_image","twitter_misc":{"Tiempo de lectura":"1 minuto"},"schema":{"@context":"https:\/\/schema.org","@graph":[{"@type":"WebPage","@id":"https:\/\/baserinteriors.com\/es\/politicadecookies\/","url":"https:\/\/baserinteriors.com\/es\/politicadecookies\/","name":"Pol\u00edtica de cookies - Baser Obres &amp; Interiors","isPartOf":{"@id":"http:\/\/baserinteriors.com\/#website"},"datePublished":"2025-04-07T14:20:59+00:00","dateModified":"2025-04-07T14:22:36+00:00","description":"Oferim serveis de reformes integrals, construcci\u00f3 i disseny d\u2019interiors a Tarragona i Cambrils. Projectes personalitzats amb qualitat i m\u00e9s de 30 anys d\u2019experi\u00e8ncia. La nostra traject\u00f2ria es basa en la qualitat, el comprom\u00eds i l'atenci\u00f3 al detall.","breadcrumb":{"@id":"https:\/\/baserinteriors.com\/es\/politicadecookies\/#breadcrumb"},"inLanguage":"es","potentialAction":[{"@type":"ReadAction","target":["https:\/\/baserinteriors.com\/es\/politicadecookies\/"]}]},{"@type":"BreadcrumbList","@id":"https:\/\/baserinteriors.com\/es\/politicadecookies\/#breadcrumb","itemListElement":[{"@type":"ListItem","position":1,"name":"Inici","item":"https:\/\/baserinteriors.com\/es\/"},{"@type":"ListItem","position":2,"name":"Pol\u00edtica de cookies"}]},{"@type":"WebSite","@id":"http:\/\/baserinteriors.com\/#website","url":"http:\/\/baserinteriors.com\/","name":"Baser Obres &amp; Interiors","description":"Baser Obres &amp; Interiors","potentialAction":[{"@type":"SearchAction","target":{"@type":"EntryPoint","urlTemplate":"http:\/\/baserinteriors.com\/?s={search_term_string}"},"query-input":{"@type":"PropertyValueSpecification","valueRequired":true,"valueName":"search_term_string"}}],"inLanguage":"es"}]}},"_links":{"self":[{"href":"https:\/\/baserinteriors.com\/es\/wp-json\/wp\/v2\/pages\/627","targetHints":{"allow":["GET"]}}],"collection":[{"href":"https:\/\/baserinteriors.com\/es\/wp-json\/wp\/v2\/pages"}],"about":[{"href":"https:\/\/baserinteriors.com\/es\/wp-json\/wp\/v2\/types\/page"}],"author":[{"embeddable":true,"href":"https:\/\/baserinteriors.com\/es\/wp-json\/wp\/v2\/users\/3"}],"replies":[{"embeddable":true,"href":"https:\/\/baserinteriors.com\/es\/wp-json\/wp\/v2\/comments?post=627"}],"version-history":[{"count":1,"href":"https:\/\/baserinteriors.com\/es\/wp-json\/wp\/v2\/pages\/627\/revisions"}],"predecessor-version":[{"id":628,"href":"https:\/\/baserinteriors.com\/es\/wp-json\/wp\/v2\/pages\/627\/revisions\/628"}],"wp:attachment":[{"href":"https:\/\/baserinteriors.com\/es\/wp-json\/wp\/v2\/media?parent=627"}],"curies":[{"name":"wp","href":"https:\/\/api.w.org\/{rel}","templated":true}]}}