{"id":577,"date":"2018-03-02T10:19:56","date_gmt":"2018-03-02T08:19:56","guid":{"rendered":"https:\/\/baserinteriors.com\/contacte\/"},"modified":"2025-09-06T11:45:16","modified_gmt":"2025-09-06T09:45:16","slug":"contacte","status":"publish","type":"page","link":"https:\/\/baserinteriors.com\/es\/contacte\/","title":{"rendered":"Contacto"},"content":{"rendered":"<div class=\"wpb-content-wrapper\"><p>[vc_row css_animation=\u00bb\u00bb row_type=\u00bbrow\u00bb use_row_as_full_screen_section=\u00bbno\u00bb type=\u00bbgrid\u00bb angled_section=\u00bbno\u00bb text_align=\u00bbleft\u00bb background_image_as_pattern=\u00bbwithout_pattern\u00bb z_index=\u00bb\u00bb][vc_column css=\u00bb.vc_custom_1740740724761{margin-top: 4px !important;margin-right: 4px !important;margin-bottom: 4px !important;margin-left: 4px !important;}\u00bb][vc_row_inner row_type=\u00bbrow\u00bb type=\u00bbfull_width\u00bb text_align=\u00bbleft\u00bb css_animation=\u00bb\u00bb][vc_column_inner offset=\u00bbvc_col-md-12&#8243;][vc_column_text css=\u00bb\u00bb]<\/p>\n<h2><span id=\"gmail-docs-internal-guid-2a0926ac-7fff-c203-2349-8a30a7d888d3\">Contacto<\/span><\/h2>\n<p>[\/vc_column_text][\/vc_column_inner][\/vc_row_inner][\/vc_column][\/vc_row][vc_row css_animation=\u00bb\u00bb row_type=\u00bbrow\u00bb use_row_as_full_screen_section=\u00bbno\u00bb type=\u00bbfull_width\u00bb angled_section=\u00bbno\u00bb text_align=\u00bbleft\u00bb background_image_as_pattern=\u00bbwithout_pattern\u00bb][vc_column width=\u00bb1\/2&#8243;][vc_empty_space height=\u00bb19px\u00bb][vc_column_text css=\u00bb\u00bb]<strong>Direcci\u00f3n<\/strong>: Calle de la Metal\u00b7l\u00fargia, 32,BAIX (Nau 7), 43850 Cambrils, Tarragona<br \/>\n<strong>Telefono:<\/strong> 977 79 31 54<br \/>\n<strong>Mail:<\/strong> info@baserinteriors.com[\/vc_column_text][vc_empty_space height=\u00bb19px\u00bb][vc_single_image image=\u00bb448&#8243; img_size=\u00bblarge\u00bb css=\u00bb\u00bb qode_css_animation=\u00bb\u00bb][\/vc_column][vc_column width=\u00bb1\/2&#8243;][vc_column_text css=\u00bb\u00bb]<\/p>\n<h3>\u00bfC\u00f3mo y de qu\u00e9 manera podemos ayudarles?<\/h3>\n<h3><\/h3>\n<p>[\/vc_column_text][vc_empty_space height=\u00bb19px\u00bb]\n<div class=\"wpcf7 no-js\" id=\"wpcf7-f210-o1\" lang=\"\" dir=\"ltr\" data-wpcf7-id=\"210\">\n<div class=\"screen-reader-response\"><p role=\"status\" aria-live=\"polite\" aria-atomic=\"true\"><\/p> <ul><\/ul><\/div>\n<form action=\"\/es\/wp-json\/wp\/v2\/pages\/577#wpcf7-f210-o1\" method=\"post\" class=\"wpcf7-form init cf7_custom_style_1\" aria-label=\"Formulario de contacto\" novalidate=\"novalidate\" data-status=\"init\">\n<div style=\"display: none;\">\n<input type=\"hidden\" name=\"_wpcf7\" value=\"210\" \/>\n<input type=\"hidden\" name=\"_wpcf7_version\" value=\"6.0.4\" \/>\n<input type=\"hidden\" name=\"_wpcf7_locale\" value=\"\" \/>\n<input type=\"hidden\" name=\"_wpcf7_unit_tag\" value=\"wpcf7-f210-o1\" \/>\n<input type=\"hidden\" name=\"_wpcf7_container_post\" value=\"0\" \/>\n<input type=\"hidden\" name=\"_wpcf7_posted_data_hash\" value=\"\" \/>\n<\/div>\n<p><label> Nom<br \/>\n<span class=\"wpcf7-form-control-wrap\" data-name=\"your-name\"><input size=\"40\" maxlength=\"400\" class=\"wpcf7-form-control wpcf7-text wpcf7-validates-as-required\" aria-required=\"true\" aria-invalid=\"false\" value=\"\" type=\"text\" name=\"your-name\" \/><\/span> <\/label>\n<\/p>\n<p><label> email<br \/>\n<span class=\"wpcf7-form-control-wrap\" data-name=\"your-email\"><input size=\"40\" maxlength=\"400\" class=\"wpcf7-form-control wpcf7-email wpcf7-validates-as-required wpcf7-text wpcf7-validates-as-email\" aria-required=\"true\" aria-invalid=\"false\" value=\"\" type=\"email\" name=\"your-email\" \/><\/span> <\/label>\n<\/p>\n<p><label> Missatge<br \/>\n<span class=\"wpcf7-form-control-wrap\" data-name=\"your-message\"><textarea cols=\"40\" rows=\"10\" maxlength=\"2000\" class=\"wpcf7-form-control wpcf7-textarea wpcf7-validates-as-required\" aria-required=\"true\" aria-invalid=\"false\" name=\"your-message\"><\/textarea><\/span> <\/label>\n<\/p>\n<p><input class=\"wpcf7-form-control wpcf7-submit has-spinner\" type=\"submit\" value=\"Enviar\" \/>\n<\/p><div class=\"wpcf7-response-output\" aria-hidden=\"true\"><\/div>\n<\/form>\n<\/div>\n[\/vc_column][\/vc_row]<\/p>\n<\/div>","protected":false},"excerpt":{"rendered":"<p>[vc_row css_animation=\u00bb\u00bb row_type=\u00bbrow\u00bb use_row_as_full_screen_section=\u00bbno\u00bb type=\u00bbgrid\u00bb angled_section=\u00bbno\u00bb text_align=\u00bbleft\u00bb background_image_as_pattern=\u00bbwithout_pattern\u00bb z_index=\u00bb\u00bb][vc_column css=\u00bb.vc_custom_1740740724761{margin-top: 4px !important;margin-right: 4px !important;margin-bottom: 4px !important;margin-left: 4px !important;}\u00bb][vc_row_inner row_type=\u00bbrow\u00bb type=\u00bbfull_width\u00bb text_align=\u00bbleft\u00bb css_animation=\u00bb\u00bb][vc_column_inner offset=\u00bbvc_col-md-12&#8243;][vc_column_text css=\u00bb\u00bb] Contacto [\/vc_column_text][\/vc_column_inner][\/vc_row_inner][\/vc_column][\/vc_row][vc_row css_animation=\u00bb\u00bb row_type=\u00bbrow\u00bb use_row_as_full_screen_section=\u00bbno\u00bb type=\u00bbfull_width\u00bb angled_section=\u00bbno\u00bb text_align=\u00bbleft\u00bb background_image_as_pattern=\u00bbwithout_pattern\u00bb][vc_column width=\u00bb1\/2&#8243;][vc_empty_space height=\u00bb19px\u00bb][vc_column_text css=\u00bb\u00bb]Direcci\u00f3n: Calle de la Metal\u00b7l\u00fargia, 32,BAIX (Nau 7), 43850 Cambrils,&#8230;<\/p>\n","protected":false},"author":2,"featured_media":0,"parent":0,"menu_order":0,"comment_status":"closed","ping_status":"closed","template":"contact-page.php","meta":{"_themeisle_gutenberg_block_has_review":false,"footnotes":""},"class_list":["post-577","page","type-page","status-publish","hentry"],"yoast_head":"<!-- This site is optimized with the Yoast SEO plugin v24.5 - https:\/\/yoast.com\/wordpress\/plugins\/seo\/ -->\n<title>Contacto - Baser Obres &amp; Interiors<\/title>\n<meta name=\"description\" content=\"Contacta con nosotros para m\u00e1s informaci\u00f3n sobre nuestros servicios de construcci\u00f3n y reformas integrales en Tarragona y Cambrils. Estaremos encantados de atenderte y asesorarte en tu proyecto\" \/>\n<meta name=\"robots\" content=\"index, follow, max-snippet:-1, max-image-preview:large, max-video-preview:-1\" \/>\n<link rel=\"canonical\" href=\"https:\/\/baserinteriors.com\/es\/contacte\/\" \/>\n<meta property=\"og:locale\" content=\"es_ES\" \/>\n<meta property=\"og:type\" content=\"article\" \/>\n<meta property=\"og:title\" content=\"Contacto - Baser Obres &amp; Interiors\" \/>\n<meta property=\"og:description\" content=\"Contacta con nosotros para m\u00e1s informaci\u00f3n sobre nuestros servicios de construcci\u00f3n y reformas integrales en Tarragona y Cambrils. Estaremos encantados de atenderte y asesorarte en tu proyecto\" \/>\n<meta property=\"og:url\" content=\"https:\/\/baserinteriors.com\/es\/contacte\/\" \/>\n<meta property=\"og:site_name\" content=\"Baser Obres &amp; Interiors\" \/>\n<meta property=\"article:modified_time\" content=\"2025-09-06T09:45:16+00:00\" \/>\n<meta name=\"twitter:card\" content=\"summary_large_image\" \/>\n<meta name=\"twitter:label1\" content=\"Tiempo de lectura\" \/>\n\t<meta name=\"twitter:data1\" content=\"1 minuto\" \/>\n<script type=\"application\/ld+json\" class=\"yoast-schema-graph\">{\"@context\":\"https:\/\/schema.org\",\"@graph\":[{\"@type\":\"WebPage\",\"@id\":\"https:\/\/baserinteriors.com\/es\/contacte\/\",\"url\":\"https:\/\/baserinteriors.com\/es\/contacte\/\",\"name\":\"Contacto - Baser Obres &amp; Interiors\",\"isPartOf\":{\"@id\":\"http:\/\/baserinteriors.com\/#website\"},\"datePublished\":\"2018-03-02T08:19:56+00:00\",\"dateModified\":\"2025-09-06T09:45:16+00:00\",\"description\":\"Contacta con nosotros para m\u00e1s informaci\u00f3n sobre nuestros servicios de construcci\u00f3n y reformas integrales en Tarragona y Cambrils. Estaremos encantados de atenderte y asesorarte en tu proyecto\",\"breadcrumb\":{\"@id\":\"https:\/\/baserinteriors.com\/es\/contacte\/#breadcrumb\"},\"inLanguage\":\"es\",\"potentialAction\":[{\"@type\":\"ReadAction\",\"target\":[\"https:\/\/baserinteriors.com\/es\/contacte\/\"]}]},{\"@type\":\"BreadcrumbList\",\"@id\":\"https:\/\/baserinteriors.com\/es\/contacte\/#breadcrumb\",\"itemListElement\":[{\"@type\":\"ListItem\",\"position\":1,\"name\":\"Inici\",\"item\":\"https:\/\/baserinteriors.com\/es\/\"},{\"@type\":\"ListItem\",\"position\":2,\"name\":\"Contacto\"}]},{\"@type\":\"WebSite\",\"@id\":\"http:\/\/baserinteriors.com\/#website\",\"url\":\"http:\/\/baserinteriors.com\/\",\"name\":\"Baser Obres &amp; Interiors\",\"description\":\"Baser Obres &amp; Interiors\",\"potentialAction\":[{\"@type\":\"SearchAction\",\"target\":{\"@type\":\"EntryPoint\",\"urlTemplate\":\"http:\/\/baserinteriors.com\/?s={search_term_string}\"},\"query-input\":{\"@type\":\"PropertyValueSpecification\",\"valueRequired\":true,\"valueName\":\"search_term_string\"}}],\"inLanguage\":\"es\"}]}<\/script>\n<!-- \/ Yoast SEO plugin. -->","yoast_head_json":{"title":"Contacto - Baser Obres &amp; Interiors","description":"Contacta con nosotros para m\u00e1s informaci\u00f3n sobre nuestros servicios de construcci\u00f3n y reformas integrales en Tarragona y Cambrils. Estaremos encantados de atenderte y asesorarte en tu proyecto","robots":{"index":"index","follow":"follow","max-snippet":"max-snippet:-1","max-image-preview":"max-image-preview:large","max-video-preview":"max-video-preview:-1"},"canonical":"https:\/\/baserinteriors.com\/es\/contacte\/","og_locale":"es_ES","og_type":"article","og_title":"Contacto - Baser Obres &amp; Interiors","og_description":"Contacta con nosotros para m\u00e1s informaci\u00f3n sobre nuestros servicios de construcci\u00f3n y reformas integrales en Tarragona y Cambrils. Estaremos encantados de atenderte y asesorarte en tu proyecto","og_url":"https:\/\/baserinteriors.com\/es\/contacte\/","og_site_name":"Baser Obres &amp; Interiors","article_modified_time":"2025-09-06T09:45:16+00:00","twitter_card":"summary_large_image","twitter_misc":{"Tiempo de lectura":"1 minuto"},"schema":{"@context":"https:\/\/schema.org","@graph":[{"@type":"WebPage","@id":"https:\/\/baserinteriors.com\/es\/contacte\/","url":"https:\/\/baserinteriors.com\/es\/contacte\/","name":"Contacto - Baser Obres &amp; Interiors","isPartOf":{"@id":"http:\/\/baserinteriors.com\/#website"},"datePublished":"2018-03-02T08:19:56+00:00","dateModified":"2025-09-06T09:45:16+00:00","description":"Contacta con nosotros para m\u00e1s informaci\u00f3n sobre nuestros servicios de construcci\u00f3n y reformas integrales en Tarragona y Cambrils. Estaremos encantados de atenderte y asesorarte en tu proyecto","breadcrumb":{"@id":"https:\/\/baserinteriors.com\/es\/contacte\/#breadcrumb"},"inLanguage":"es","potentialAction":[{"@type":"ReadAction","target":["https:\/\/baserinteriors.com\/es\/contacte\/"]}]},{"@type":"BreadcrumbList","@id":"https:\/\/baserinteriors.com\/es\/contacte\/#breadcrumb","itemListElement":[{"@type":"ListItem","position":1,"name":"Inici","item":"https:\/\/baserinteriors.com\/es\/"},{"@type":"ListItem","position":2,"name":"Contacto"}]},{"@type":"WebSite","@id":"http:\/\/baserinteriors.com\/#website","url":"http:\/\/baserinteriors.com\/","name":"Baser Obres &amp; Interiors","description":"Baser Obres &amp; Interiors","potentialAction":[{"@type":"SearchAction","target":{"@type":"EntryPoint","urlTemplate":"http:\/\/baserinteriors.com\/?s={search_term_string}"},"query-input":{"@type":"PropertyValueSpecification","valueRequired":true,"valueName":"search_term_string"}}],"inLanguage":"es"}]}},"_links":{"self":[{"href":"https:\/\/baserinteriors.com\/es\/wp-json\/wp\/v2\/pages\/577","targetHints":{"allow":["GET"]}}],"collection":[{"href":"https:\/\/baserinteriors.com\/es\/wp-json\/wp\/v2\/pages"}],"about":[{"href":"https:\/\/baserinteriors.com\/es\/wp-json\/wp\/v2\/types\/page"}],"author":[{"embeddable":true,"href":"https:\/\/baserinteriors.com\/es\/wp-json\/wp\/v2\/users\/2"}],"replies":[{"embeddable":true,"href":"https:\/\/baserinteriors.com\/es\/wp-json\/wp\/v2\/comments?post=577"}],"version-history":[{"count":3,"href":"https:\/\/baserinteriors.com\/es\/wp-json\/wp\/v2\/pages\/577\/revisions"}],"predecessor-version":[{"id":718,"href":"https:\/\/baserinteriors.com\/es\/wp-json\/wp\/v2\/pages\/577\/revisions\/718"}],"wp:attachment":[{"href":"https:\/\/baserinteriors.com\/es\/wp-json\/wp\/v2\/media?parent=577"}],"curies":[{"name":"wp","href":"https:\/\/api.w.org\/{rel}","templated":true}]}}